{"id":1053,"date":"2024-07-15T12:38:56","date_gmt":"2024-07-15T10:38:56","guid":{"rendered":"https:\/\/websitebijmeceda.nl\/matprop\/?page_id=1053"},"modified":"2024-10-09T08:37:59","modified_gmt":"2024-10-09T06:37:59","slug":"autodesk-inventor","status":"publish","type":"page","link":"https:\/\/matprop.com\/de\/autodesk-inventor\/","title":{"rendered":"Autodesk: Inventor"},"content":{"rendered":"<div data-elementor-type=\"wp-page\" data-elementor-id=\"1053\" class=\"elementor elementor-1053\" data-elementor-post-type=\"page\">\n\t\t\t\t\t\t<section class=\"elementor-section elementor-top-section elementor-element elementor-element-a9a8159 elementor-section-boxed elementor-section-height-default elementor-section-height-default\" data-id=\"a9a8159\" data-element_type=\"section\" data-e-type=\"section\">\n\t\t\t\t\t\t<div class=\"elementor-container elementor-column-gap-default\">\n\t\t\t\t\t<div class=\"elementor-column elementor-col-100 elementor-top-column elementor-element elementor-element-3b4269e\" data-id=\"3b4269e\" data-element_type=\"column\" data-e-type=\"column\">\n\t\t\t<div class=\"elementor-widget-wrap elementor-element-populated\">\n\t\t\t\t\t\t<div class=\"elementor-element elementor-element-0545812 elementor-widget elementor-widget-heading\" data-id=\"0545812\" data-element_type=\"widget\" data-e-type=\"widget\" data-widget_type=\"heading.default\">\n\t\t\t\t<div class=\"elementor-widget-container\">\n\t\t\t\t\t<h2 class=\"elementor-heading-title elementor-size-default\">Entwerfen, simulieren, visualisieren<\/h2>\t\t\t\t<\/div>\n\t\t\t\t<\/div>\n\t\t\t\t<div class=\"elementor-element elementor-element-7a7ca48 elementor-widget elementor-widget-text-editor\" data-id=\"7a7ca48\" data-element_type=\"widget\" data-e-type=\"widget\" data-widget_type=\"text-editor.default\">\n\t\t\t\t<div class=\"elementor-widget-container\">\n\t\t\t\t\t\t\t\t\t<p>Autodesk Inventor ist eine leistungsstarke 3D-Modellierungssoftware f\u00fcr die mechanische Konstruktion und Produktentwicklung. Inventor unterst\u00fctzt Ingenieure bei der Konstruktion mechanischer Komponenten, der Durchf\u00fchrung detaillierter Analysen und der Erstellung visueller Pr\u00e4sentationen. In diesem Text werden wir die wichtigsten Funktionen und Vorteile von Inventor genauer untersuchen.<\/p>\t\t\t\t\t\t\t\t<\/div>\n\t\t\t\t<\/div>\n\t\t\t\t\t<\/div>\n\t\t<\/div>\n\t\t\t\t\t<\/div>\n\t\t<\/section>\n\t\t\t\t<section class=\"elementor-section elementor-top-section elementor-element elementor-element-7830dd1 elementor-section-boxed elementor-section-height-default elementor-section-height-default\" data-id=\"7830dd1\" data-element_type=\"section\" data-e-type=\"section\">\n\t\t\t\t\t\t<div class=\"elementor-container elementor-column-gap-default\">\n\t\t\t\t\t<div class=\"elementor-column elementor-col-100 elementor-top-column elementor-element elementor-element-dfb9c86\" data-id=\"dfb9c86\" data-element_type=\"column\" data-e-type=\"column\">\n\t\t\t<div class=\"elementor-widget-wrap elementor-element-populated\">\n\t\t\t\t\t\t<div class=\"elementor-element elementor-element-0e14875 elementor-widget elementor-widget-heading\" data-id=\"0e14875\" data-element_type=\"widget\" data-e-type=\"widget\" data-widget_type=\"heading.default\">\n\t\t\t\t<div class=\"elementor-widget-container\">\n\t\t\t\t\t<h2 class=\"elementor-heading-title elementor-size-default\">Was ist Autodesk Inventor?<\/h2>\t\t\t\t<\/div>\n\t\t\t\t<\/div>\n\t\t\t\t<div class=\"elementor-element elementor-element-2fc05df elementor-widget elementor-widget-text-editor\" data-id=\"2fc05df\" data-element_type=\"widget\" data-e-type=\"widget\" data-widget_type=\"text-editor.default\">\n\t\t\t\t<div class=\"elementor-widget-container\">\n\t\t\t\t\t\t\t\t\t<p>Autodesk Inventor ist eine leistungsstarke 3D-Modellierungssoftware, die speziell f\u00fcr die mechanische Konstruktion und Produktentwicklung entwickelt wurde. Dieses Werkzeug bietet Ingenieuren einen umfassenden Satz an Funktionen f\u00fcr die Konstruktion, Simulation und Visualisierung komplexer Produkte. Inventor arbeitet mit parametrischem Design, was bedeutet, dass alle vorgenommenen \u00c4nderungen automatisch in allen zugeh\u00f6rigen Komponenten und Zeichnungen aktualisiert werden. Dies erh\u00f6ht die Effizienz und minimiert Fehler.<\/p>\t\t\t\t\t\t\t\t<\/div>\n\t\t\t\t<\/div>\n\t\t\t\t\t<\/div>\n\t\t<\/div>\n\t\t\t\t\t<\/div>\n\t\t<\/section>\n\t\t\t\t<section class=\"elementor-section elementor-top-section elementor-element elementor-element-116a8d7 elementor-section-boxed elementor-section-height-default elementor-section-height-default\" data-id=\"116a8d7\" data-element_type=\"section\" data-e-type=\"section\">\n\t\t\t\t\t\t<div class=\"elementor-container elementor-column-gap-default\">\n\t\t\t\t\t<div class=\"elementor-column elementor-col-100 elementor-top-column elementor-element elementor-element-d22f229\" data-id=\"d22f229\" data-element_type=\"column\" data-e-type=\"column\">\n\t\t\t<div class=\"elementor-widget-wrap elementor-element-populated\">\n\t\t\t\t\t\t<div class=\"elementor-element elementor-element-cb93ac1 elementor-widget elementor-widget-heading\" data-id=\"cb93ac1\" data-element_type=\"widget\" data-e-type=\"widget\" data-widget_type=\"heading.default\">\n\t\t\t\t<div class=\"elementor-widget-container\">\n\t\t\t\t\t<h3 class=\"elementor-heading-title elementor-size-default\">Hauptmerkmale von Autodesk Inventor<\/h3>\t\t\t\t<\/div>\n\t\t\t\t<\/div>\n\t\t\t\t<div class=\"elementor-element elementor-element-d786379 elementor-widget elementor-widget-text-editor\" data-id=\"d786379\" data-element_type=\"widget\" data-e-type=\"widget\" data-widget_type=\"text-editor.default\">\n\t\t\t\t<div class=\"elementor-widget-container\">\n\t\t\t\t\t\t\t\t\t<p>Autodesk Inventor bietet Funktionen, die Ihren Konstruktionsprozess rationalisieren und die Produktivit\u00e4t steigern, damit Sie schneller und effizienter hochwertige Produkte entwickeln k\u00f6nnen. Die wichtigsten Funktionen von Autodesk Inventor wurden entwickelt, um Ihren 3D-Konstruktionsablauf zu verbessern und zu optimieren:<\/p><ul><li><strong>Parametrisches Design:<\/strong> \u00c4nderungen lassen sich leicht umsetzen, ohne dass das gesamte Modell neu erstellt werden muss. Das spart Zeit und sorgt f\u00fcr Konsistenz in Ihrem Entwurf.<\/li><li><strong>Baugruppen:<\/strong> Verwalten und erstellen Sie umfangreiche Baugruppen mit Tausenden von Komponenten. Halten Sie gro\u00dfe und komplexe Designs organisiert und \u00fcberschaubar.<\/li><li><strong>Simulation:<\/strong> F\u00fchren Sie umfassende Simulationen durch, um die Leistung Ihrer Entw\u00fcrfe zu testen. Identifizieren und beheben Sie potenzielle Probleme fr\u00fchzeitig und verbessern Sie so die Qualit\u00e4t und Zuverl\u00e4ssigkeit Ihrer Produkte.<\/li><li><strong>Visualisierung:<\/strong> Erstellen Sie fotorealistische Renderings und Animationen Ihrer Entw\u00fcrfe. Pr\u00e4sentieren Sie Ihre Ideen klar und \u00fcberzeugend vor Interessengruppen und Kunden.<\/li><li><strong>Kollaboration:<\/strong> Arbeiten Sie nahtlos mit Teammitgliedern zusammen und tauschen Sie Dateien mit den Autodesk-Plugins \"Publish Tool\" und \"Copy Design Tool\" aus. Dies verbessert die Zusammenarbeit und stellt sicher, dass jeder Zugriff auf die aktuellste Version des Entwurfs hat.<\/li><\/ul>\t\t\t\t\t\t\t\t<\/div>\n\t\t\t\t<\/div>\n\t\t\t\t\t<\/div>\n\t\t<\/div>\n\t\t\t\t\t<\/div>\n\t\t<\/section>\n\t\t\t\t<section class=\"elementor-section elementor-top-section elementor-element elementor-element-505af55 elementor-section-boxed elementor-section-height-default elementor-section-height-default\" data-id=\"505af55\" data-element_type=\"section\" data-e-type=\"section\">\n\t\t\t\t\t\t<div class=\"elementor-container elementor-column-gap-default\">\n\t\t\t\t\t<div class=\"elementor-column elementor-col-100 elementor-top-column elementor-element elementor-element-a4529bb\" data-id=\"a4529bb\" data-element_type=\"column\" data-e-type=\"column\">\n\t\t\t<div class=\"elementor-widget-wrap elementor-element-populated\">\n\t\t\t\t\t\t<div class=\"elementor-element elementor-element-96501ac elementor-widget elementor-widget-heading\" data-id=\"96501ac\" data-element_type=\"widget\" data-e-type=\"widget\" data-widget_type=\"heading.default\">\n\t\t\t\t<div class=\"elementor-widget-container\">\n\t\t\t\t\t<h3 class=\"elementor-heading-title elementor-size-default\">Vorteile der Verwendung von Autodesk Inventor<\/h3>\t\t\t\t<\/div>\n\t\t\t\t<\/div>\n\t\t\t\t<div class=\"elementor-element elementor-element-e11c79a elementor-widget elementor-widget-text-editor\" data-id=\"e11c79a\" data-element_type=\"widget\" data-e-type=\"widget\" data-widget_type=\"text-editor.default\">\n\t\t\t\t<div class=\"elementor-widget-container\">\n\t\t\t\t\t\t\t\t\t<p>Autodesk Inventor bietet Ingenieuren und Managern, die ein Maximum an Effizienz und Pr\u00e4zision in ihren Konstruktionsprozessen anstreben, erhebliche Vorteile. Mit Inventor k\u00f6nnen Sie nicht nur Zeit sparen und die Qualit\u00e4t Ihrer Entw\u00fcrfe verbessern, sondern auch Ihre Produktentwicklung und Produktion optimieren. Im Folgenden finden Sie einige der wichtigsten Vorteile von Autodesk Inventor:<\/p><ul><li><strong>Effizienz:<\/strong> Beschleunigen Sie den Entwurfsprozess mit automatisierten Funktionen und parametrischem Entwurf. So k\u00f6nnen Sie mehr Arbeit in k\u00fcrzerer Zeit bew\u00e4ltigen.<\/li><li><strong>Qualit\u00e4t:<\/strong> Verbessern Sie die Genauigkeit Ihrer Entw\u00fcrfe mit den fortschrittlichen Simulations- und Analysewerkzeugen von Inventor, was zu einer h\u00f6heren Produktqualit\u00e4t und weniger Fehlern f\u00fchrt.<\/li><li><strong>Flexibilit\u00e4t:<\/strong> Arbeiten Sie mit einer Vielzahl von Dateitypen, wie z. B. DXF-Dateien, und integrieren Sie diese problemlos in andere Autodesk-Produkte. Dies vereinfacht die Verbesserung und Erweiterung Ihres bestehenden Workflows.<\/li><li><strong>Zusammenarbeit<\/strong>: Tauschen Sie Entw\u00fcrfe aus und arbeiten Sie in Echtzeit mit Ihrem Team zusammen, egal wo Sie sind. Das macht die Verwaltung von Projekten und die Einhaltung von Terminen einfacher.<\/li><li><strong>Kosteneinsparungen:<\/strong> Durch die Optimierung von Arbeitsabl\u00e4ufen und die Reduzierung von Fehlern werden sowohl Zeit als auch Kosten gespart. Dies f\u00fchrt zu einem besseren ROI f\u00fcr Ihr Unternehmen und einer h\u00f6heren Produktivit\u00e4t Ihres Teams.<\/li><\/ul>\t\t\t\t\t\t\t\t<\/div>\n\t\t\t\t<\/div>\n\t\t\t\t\t<\/div>\n\t\t<\/div>\n\t\t\t\t\t<\/div>\n\t\t<\/section>\n\t\t\t\t<section class=\"elementor-section elementor-top-section elementor-element elementor-element-2c6bec7 elementor-section-boxed elementor-section-height-default elementor-section-height-default\" data-id=\"2c6bec7\" data-element_type=\"section\" data-e-type=\"section\">\n\t\t\t\t\t\t<div class=\"elementor-container elementor-column-gap-default\">\n\t\t\t\t\t<div class=\"elementor-column elementor-col-100 elementor-top-column elementor-element elementor-element-0e51d5a\" data-id=\"0e51d5a\" data-element_type=\"column\" data-e-type=\"column\">\n\t\t\t<div class=\"elementor-widget-wrap elementor-element-populated\">\n\t\t\t\t\t\t<div class=\"elementor-element elementor-element-5b8768f elementor-widget elementor-widget-heading\" data-id=\"5b8768f\" data-element_type=\"widget\" data-e-type=\"widget\" data-widget_type=\"heading.default\">\n\t\t\t\t<div class=\"elementor-widget-container\">\n\t\t\t\t\t<h2 class=\"elementor-heading-title elementor-size-default\">Benutzerdefinierte Werkzeuge MatProp<\/h2>\t\t\t\t<\/div>\n\t\t\t\t<\/div>\n\t\t\t\t<div class=\"elementor-element elementor-element-35eb00c elementor-widget elementor-widget-text-editor\" data-id=\"35eb00c\" data-element_type=\"widget\" data-e-type=\"widget\" data-widget_type=\"text-editor.default\">\n\t\t\t\t<div class=\"elementor-widget-container\">\n\t\t\t\t\t\t\t\t\t<p>Wir von MatProp bieten ma\u00dfgeschneiderte L\u00f6sungen, um Ihre Erfahrungen mit Autodesk Inventor weiter zu optimieren. Unsere Expertise in der Entwicklung von ma\u00dfgeschneiderten Autodesk Plugins, wie z.B. dem <a href=\"https:\/\/matprop.com\/de\/copy-design-tool\/\">Copy Design Tool<\/a> und die <a href=\"https:\/\/matprop.com\/de\/publish-tool\/\">Publish Tool<\/a>hilft Ihnen, effizienter zu arbeiten und die Qualit\u00e4t Ihrer Entw\u00fcrfe zu verbessern. Unabh\u00e4ngig davon, ob Sie mit Blechkonstruktionen oder flachen Mustern arbeiten, k\u00f6nnen wir Sie bei der Konvertierung in das DXF-Format unterst\u00fctzen und Ihren CAD-3D-Konstruktionsworkflow optimieren. Kontaktieren Sie uns noch heute und erfahren Sie, wie wir Sie unterst\u00fctzen k\u00f6nnen.<\/p>\t\t\t\t\t\t\t\t<\/div>\n\t\t\t\t<\/div>\n\t\t\t\t<div class=\"elementor-element elementor-element-1a4c591 elementor-widget__width-auto elementor-widget elementor-widget-button\" data-id=\"1a4c591\" data-element_type=\"widget\" data-e-type=\"widget\" data-widget_type=\"button.default\">\n\t\t\t\t<div class=\"elementor-widget-container\">\n\t\t\t\t\t\t\t\t\t<div class=\"elementor-button-wrapper\">\n\t\t\t\t\t<a class=\"elementor-button elementor-button-link elementor-size-sm\" href=\"https:\/\/matprop.com\/de\/contact\/\" title=\"Kontakt\">\n\t\t\t\t\t\t<span class=\"elementor-button-content-wrapper\">\n\t\t\t\t\t\t\t\t\t<span class=\"elementor-button-text\">Kontakt<\/span>\n\t\t\t\t\t<\/span>\n\t\t\t\t\t<\/a>\n\t\t\t\t<\/div>\n\t\t\t\t\t\t\t\t<\/div>\n\t\t\t\t<\/div>\n\t\t\t\t<div class=\"elementor-element elementor-element-26a5a07 elementor-widget__width-auto elementor-widget elementor-widget-button\" data-id=\"26a5a07\" data-element_type=\"widget\" data-e-type=\"widget\" data-widget_type=\"button.default\">\n\t\t\t\t<div class=\"elementor-widget-container\">\n\t\t\t\t\t\t\t\t\t<div class=\"elementor-button-wrapper\">\n\t\t\t\t\t<a class=\"elementor-button elementor-button-link elementor-size-sm\" href=\"https:\/\/matprop.com\/de\/maatwerk\/#contactform\" title=\"Maatwerkformulier\">\n\t\t\t\t\t\t<span class=\"elementor-button-content-wrapper\">\n\t\t\t\t\t\t\t\t\t<span class=\"elementor-button-text\">Anfrageformular f\u00fcr benutzerdefinierte Werkzeuge<\/span>\n\t\t\t\t\t<\/span>\n\t\t\t\t\t<\/a>\n\t\t\t\t<\/div>\n\t\t\t\t\t\t\t\t<\/div>\n\t\t\t\t<\/div>\n\t\t\t\t\t<\/div>\n\t\t<\/div>\n\t\t\t\t\t<\/div>\n\t\t<\/section>\n\t\t\t\t<\/div>","protected":false},"excerpt":{"rendered":"<p>Entwerfen und simulieren Sie komplexe mechanische Produkte mit Autodesk Inventor. <\/p>","protected":false},"author":1,"featured_media":0,"parent":0,"menu_order":0,"comment_status":"closed","ping_status":"closed","template":"","meta":{"footnotes":""},"class_list":["post-1053","page","type-page","status-publish","hentry"],"_links":{"self":[{"href":"https:\/\/matprop.com\/de\/wp-json\/wp\/v2\/pages\/1053","targetHints":{"allow":["GET"]}}],"collection":[{"href":"https:\/\/matprop.com\/de\/wp-json\/wp\/v2\/pages"}],"about":[{"href":"https:\/\/matprop.com\/de\/wp-json\/wp\/v2\/types\/page"}],"author":[{"embeddable":true,"href":"https:\/\/matprop.com\/de\/wp-json\/wp\/v2\/users\/1"}],"replies":[{"embeddable":true,"href":"https:\/\/matprop.com\/de\/wp-json\/wp\/v2\/comments?post=1053"}],"version-history":[{"count":24,"href":"https:\/\/matprop.com\/de\/wp-json\/wp\/v2\/pages\/1053\/revisions"}],"predecessor-version":[{"id":1924,"href":"https:\/\/matprop.com\/de\/wp-json\/wp\/v2\/pages\/1053\/revisions\/1924"}],"wp:attachment":[{"href":"https:\/\/matprop.com\/de\/wp-json\/wp\/v2\/media?parent=1053"}],"curies":[{"name":"wp","href":"https:\/\/api.w.org\/{rel}","templated":true}]}}