{"id":578,"date":"2024-05-03T15:09:21","date_gmt":"2024-05-03T13:09:21","guid":{"rendered":"https:\/\/websitebijmeceda.nl\/matprop\/mijn-account\/"},"modified":"2024-10-22T09:45:55","modified_gmt":"2024-10-22T07:45:55","slug":"my-account","status":"publish","type":"page","link":"https:\/\/matprop.com\/fr\/my-account\/","title":{"rendered":"Mon compte"},"content":{"rendered":"<div data-elementor-type=\"wp-page\" data-elementor-id=\"578\" class=\"elementor elementor-578\" data-elementor-post-type=\"page\">\n\t\t\t\t\t\t<section class=\"elementor-section elementor-top-section elementor-element elementor-element-2c9cdcae elementor-section-boxed elementor-section-height-default elementor-section-height-default\" data-id=\"2c9cdcae\" data-element_type=\"section\" data-e-type=\"section\">\n\t\t\t\t\t\t<div class=\"elementor-container elementor-column-gap-default\">\n\t\t\t\t\t<div class=\"elementor-column elementor-col-100 elementor-top-column elementor-element elementor-element-1d1431e7\" data-id=\"1d1431e7\" data-element_type=\"column\" data-e-type=\"column\">\n\t\t\t<div class=\"elementor-widget-wrap elementor-element-populated\">\n\t\t\t\t\t\t<div class=\"elementor-element elementor-element-8b69c6e e-my-account-tabs-vertical elementor-widget elementor-widget-woocommerce-my-account\" data-id=\"8b69c6e\" data-element_type=\"widget\" data-e-type=\"widget\" data-widget_type=\"woocommerce-my-account.default\">\n\t\t\t\t<div class=\"elementor-widget-container\">\n\t\t\t\t\t<div class=\"e-my-account-tab e-my-account-tab__\">\t\t\t<div class=\"woocommerce\"><\/div>\t\t<\/div>\n\t\t\t\t\t\t<\/div>\n\t\t\t\t<\/div>\n\t\t\t\t\t<\/div>\n\t\t<\/div>\n\t\t\t\t\t<\/div>\n\t\t<\/section>\n\t\t\t\t<\/div>","protected":false},"excerpt":{"rendered":"<p>Tableau de bord Commandes Cl\u00e9s de licence T\u00e9l\u00e9chargements Adresses D\u00e9tails du compte Num\u00e9ro de TVA D\u00e9connexion Bonjour admin (pas admin ? D\u00e9connexion) Depuis le tableau de bord de votre compte, vous pouvez consulter vos commandes r\u00e9centes, g\u00e9rer vos adresses de livraison et de facturation, et modifier votre mot de passe et les d\u00e9tails de votre compte.<\/p>","protected":false},"author":1,"featured_media":0,"parent":0,"menu_order":0,"comment_status":"closed","ping_status":"closed","template":"","meta":{"footnotes":""},"class_list":["post-578","page","type-page","status-publish","hentry"],"_links":{"self":[{"href":"https:\/\/matprop.com\/fr\/wp-json\/wp\/v2\/pages\/578","targetHints":{"allow":["GET"]}}],"collection":[{"href":"https:\/\/matprop.com\/fr\/wp-json\/wp\/v2\/pages"}],"about":[{"href":"https:\/\/matprop.com\/fr\/wp-json\/wp\/v2\/types\/page"}],"author":[{"embeddable":true,"href":"https:\/\/matprop.com\/fr\/wp-json\/wp\/v2\/users\/1"}],"replies":[{"embeddable":true,"href":"https:\/\/matprop.com\/fr\/wp-json\/wp\/v2\/comments?post=578"}],"version-history":[{"count":17,"href":"https:\/\/matprop.com\/fr\/wp-json\/wp\/v2\/pages\/578\/revisions"}],"predecessor-version":[{"id":2010,"href":"https:\/\/matprop.com\/fr\/wp-json\/wp\/v2\/pages\/578\/revisions\/2010"}],"wp:attachment":[{"href":"https:\/\/matprop.com\/fr\/wp-json\/wp\/v2\/media?parent=578"}],"curies":[{"name":"wp","href":"https:\/\/api.w.org\/{rel}","templated":true}]}}