{"id":2848,"date":"2025-05-26T19:55:30","date_gmt":"2025-05-26T17:55:30","guid":{"rendered":"https:\/\/matprop.com\/?post_type=product&#038;p=2848"},"modified":"2026-04-07T14:30:46","modified_gmt":"2026-04-07T12:30:46","slug":"copy-design-tool","status":"publish","type":"product","link":"https:\/\/matprop.com\/fr\/produit\/copy-design-tool\/","title":{"rendered":"Copy Design Tool"},"content":{"rendered":"<p>The latest version of the tool is compatible with Inventor 2019\u20132027.<\/p>\n<p>Cet outil peut \u00eatre utilis\u00e9 \u00e0 la place de tous les outils de copie existants. Toutes les options que vous attendez d'un bon outil de conception de copie sont pr\u00e9sentes et si ce n'est pas le cas, nous essaierons de les inclure dans la prochaine version.<\/p>\n<ul>\n<li>Plusieurs options de renommage des fichiers et des dossiers<\/li>\n<li>Les parties d\u00e9riv\u00e9es sont prises en charge<\/li>\n<li>Les fichiers g\u00e9n\u00e9rateurs de cadres sont pris en charge<\/li>\n<li>Les iPi\u00e8ces et les iAssemblages sont pris en charge.<\/li>\n<li>R\u00e9initialiser le champ R\u00e9vision<\/li>\n<li>Outil de migration inclus<\/li>\n<\/ul>","protected":false},"excerpt":{"rendered":"<p>Renewal<br \/>\nCompatible with Inventor 2019-2027<\/p>","protected":false},"featured_media":2896,"comment_status":"open","ping_status":"closed","template":"","meta":[],"product_brand":[],"product_cat":[33],"product_tag":[],"class_list":{"0":"post-2848","1":"product","2":"type-product","3":"status-publish","4":"has-post-thumbnail","6":"product_cat-copy-design-tool","8":"first","9":"instock","10":"taxable","11":"shipping-taxable","12":"purchasable","13":"product-type-variable","14":"has-default-attributes"},"tiered_pricing_type":"percentage","tiered_pricing_fixed_rules":[],"tiered_pricing_product_settings":{"layout":"default","base_unit_name":{"singular":null,"plural":null},"default_variation":null},"tiered_pricing_minimum_quantity":null,"tiered_pricing_roles_data":[],"tiered_pricing_percentage_rules":{"5":"5","10":"10","20":"15","30":"20"},"tiered_pricing_maximum_quantity":null,"tiered_pricing_quantity_step":null,"_links":{"self":[{"href":"https:\/\/matprop.com\/fr\/wp-json\/wp\/v2\/product\/2848","targetHints":{"allow":["GET"]}}],"collection":[{"href":"https:\/\/matprop.com\/fr\/wp-json\/wp\/v2\/product"}],"about":[{"href":"https:\/\/matprop.com\/fr\/wp-json\/wp\/v2\/types\/product"}],"replies":[{"embeddable":true,"href":"https:\/\/matprop.com\/fr\/wp-json\/wp\/v2\/comments?post=2848"}],"wp:featuredmedia":[{"embeddable":true,"href":"https:\/\/matprop.com\/fr\/wp-json\/wp\/v2\/media\/2896"}],"wp:attachment":[{"href":"https:\/\/matprop.com\/fr\/wp-json\/wp\/v2\/media?parent=2848"}],"wp:term":[{"taxonomy":"product_brand","embeddable":true,"href":"https:\/\/matprop.com\/fr\/wp-json\/wp\/v2\/product_brand?post=2848"},{"taxonomy":"product_cat","embeddable":true,"href":"https:\/\/matprop.com\/fr\/wp-json\/wp\/v2\/product_cat?post=2848"},{"taxonomy":"product_tag","embeddable":true,"href":"https:\/\/matprop.com\/fr\/wp-json\/wp\/v2\/product_tag?post=2848"}],"curies":[{"name":"wp","href":"https:\/\/api.w.org\/{rel}","templated":true}]}}